{"id":2,"date":"2026-01-23T08:11:57","date_gmt":"2026-01-23T08:11:57","guid":{"rendered":"https:\/\/urienanbe.rkinformatika.online\/?page_id=2"},"modified":"2026-01-30T12:55:13","modified_gmt":"2026-01-30T12:55:13","slug":"hasiera","status":"publish","type":"page","link":"https:\/\/urienanbe.com\/es\/","title":{"rendered":"Inicio"},"content":{"rendered":"<div data-elementor-type=\"wp-page\" data-elementor-id=\"2\" class=\"elementor elementor-2\" data-elementor-post-type=\"page\">\n\t\t\t\t<div class=\"elementor-element elementor-element-92315d3 e-con-full e-flex e-con e-parent\" data-id=\"92315d3\" data-element_type=\"container\" data-e-type=\"container\" data-settings=\"{&quot;background_background&quot;:&quot;classic&quot;}\">\n\t\t<div class=\"elementor-element elementor-element-82586b5 e-con-full e-flex e-con e-child\" data-id=\"82586b5\" data-element_type=\"container\" data-e-type=\"container\">\n\t\t\t\t<div class=\"elementor-element elementor-element-c5dbfd9 elementor-widget elementor-widget-heading\" data-id=\"c5dbfd9\" data-element_type=\"widget\" data-e-type=\"widget\" data-widget_type=\"heading.default\">\n\t\t\t\t\t<h2 class=\"elementor-heading-title elementor-size-default\">URIEN<\/h2>\t\t\t\t<\/div>\n\t\t\t\t<div class=\"elementor-element elementor-element-a57277a elementor-widget elementor-widget-text-editor\" data-id=\"a57277a\" data-element_type=\"widget\" data-e-type=\"widget\" data-widget_type=\"text-editor.default\">\n\t\t\t\t\t\t\t\t\t<p data-start=\"77\" data-end=\"405\">Aitor tuvo claro desde peque\u00f1o que quer\u00eda dedicarse al pastoreo, y tras varios estudios, en 2012 fund\u00f3 la queser\u00eda Urien. En 2020 se uni\u00f3 Izarne al proyecto, y desde entonces aumentan el n\u00famero de animales y elaboran diferentes tipos de quesos. Actualmente cuenta con 350 ovejas (cabeza negra Latxa del Gorbea) y unas 20 vacas.<\/p><p data-start=\"407\" data-end=\"758\">De enero a junio elaboran Idiazabal y queso azul, mientras que en verano elaboran grandes y cremosos quesos elaborados en el monte. Las ovejas permanecen en el monte hasta oto\u00f1o. Las vacas son de la raza Asturiana de la Monta\u00f1a (Casina), las terneras se cr\u00edan en el monte y venden carne directamente. Todos los productos, animales y tierras del proyecto son ecol\u00f3gicos.<\/p>\t\t\t\t\t\t\t\t<\/div>\n\t\t\t\t<div class=\"elementor-element elementor-element-f7d7218 elementor-align-right elementor-widget elementor-widget-button\" data-id=\"f7d7218\" data-element_type=\"widget\" data-e-type=\"widget\" data-widget_type=\"button.default\">\n\t\t\t\t\t\t\t\t\t\t<a class=\"elementor-button elementor-button-link elementor-size-sm\" href=\"\/es\/Produktuak\/\">\n\t\t\t\t\t\t<span class=\"elementor-button-content-wrapper\">\n\t\t\t\t\t\t\t\t\t<span class=\"elementor-button-text\">Ver m\u00e1s<\/span>\n\t\t\t\t\t<\/span>\n\t\t\t\t\t<\/a>\n\t\t\t\t\t\t\t\t<\/div>\n\t\t\t\t<\/div>\n\t\t\t\t<\/div>\n\t\t\t\t<\/div>","protected":false},"excerpt":{"rendered":"<p>URIEN Aitorrek txikitatik argi izan zuen artzaintzan aritu nahi zuela, eta hainbat ikasketa egin ondoren, 2012an URIEN gaztandegia sortu zuen. 2020an Izarne batu zen proiektura, eta ordutik abere kopurua handitu eta gazta mota ezberdinak egiten dituzte. Gaur egun 350 ardi (Gorbeiako Latxa buru beltza) eta 20 behi inguru dituzte. Urtarriletik ekainera Idiazabal eta gazta urdina [&hellip;]<\/p>\n","protected":false},"author":1,"featured_media":0,"parent":0,"menu_order":0,"comment_status":"closed","ping_status":"closed","template":"elementor_canvas","meta":{"footnotes":""},"class_list":["post-2","page","type-page","status-publish","hentry"],"yoast_head":"<!-- This site is optimized with the Yoast SEO plugin v27.5 - https:\/\/yoast.com\/product\/yoast-seo-wordpress\/ -->\n<title>Hasiera - Urien-Anbe S.Z<\/title>\n<meta name=\"robots\" content=\"index, follow, max-snippet:-1, max-image-preview:large, max-video-preview:-1\" \/>\n<link rel=\"canonical\" href=\"https:\/\/urienanbe.com\/es\/\" \/>\n<meta property=\"og:locale\" content=\"es_ES\" \/>\n<meta property=\"og:type\" content=\"article\" \/>\n<meta property=\"og:title\" content=\"Hasiera - Urien-Anbe S.Z\" \/>\n<meta property=\"og:description\" content=\"URIEN Aitorrek txikitatik argi izan zuen artzaintzan aritu nahi zuela, eta hainbat ikasketa egin ondoren, 2012an URIEN gaztandegia sortu zuen. 2020an Izarne batu zen proiektura, eta ordutik abere kopurua handitu eta gazta mota ezberdinak egiten dituzte. Gaur egun 350 ardi (Gorbeiako Latxa buru beltza) eta 20 behi inguru dituzte. Urtarriletik ekainera Idiazabal eta gazta urdina [&hellip;]\" \/>\n<meta property=\"og:url\" content=\"https:\/\/urienanbe.com\/es\/\" \/>\n<meta property=\"og:site_name\" content=\"Urien-Anbe S.Z\" \/>\n<meta property=\"article:modified_time\" content=\"2026-01-30T12:55:13+00:00\" \/>\n<meta name=\"twitter:card\" content=\"summary_large_image\" \/>\n<meta name=\"twitter:label1\" content=\"Tiempo de lectura\" \/>\n\t<meta name=\"twitter:data1\" content=\"1 minuto\" \/>\n<script type=\"application\/ld+json\" class=\"yoast-schema-graph\">{\"@context\":\"https:\\\/\\\/schema.org\",\"@graph\":[{\"@type\":\"WebPage\",\"@id\":\"https:\\\/\\\/urienanbe.com\\\/\",\"url\":\"https:\\\/\\\/urienanbe.com\\\/\",\"name\":\"Hasiera - Urien-Anbe S.Z\",\"isPartOf\":{\"@id\":\"https:\\\/\\\/urienanbe.com\\\/#website\"},\"datePublished\":\"2026-01-23T08:11:57+00:00\",\"dateModified\":\"2026-01-30T12:55:13+00:00\",\"breadcrumb\":{\"@id\":\"https:\\\/\\\/urienanbe.com\\\/#breadcrumb\"},\"inLanguage\":\"es\",\"potentialAction\":[{\"@type\":\"ReadAction\",\"target\":[\"https:\\\/\\\/urienanbe.com\\\/\"]}]},{\"@type\":\"BreadcrumbList\",\"@id\":\"https:\\\/\\\/urienanbe.com\\\/#breadcrumb\",\"itemListElement\":[{\"@type\":\"ListItem\",\"position\":1,\"name\":\"Portada\",\"item\":\"https:\\\/\\\/urienanbe.com\\\/\"},{\"@type\":\"ListItem\",\"position\":2,\"name\":\"Hasiera\"}]},{\"@type\":\"WebSite\",\"@id\":\"https:\\\/\\\/urienanbe.com\\\/#website\",\"url\":\"https:\\\/\\\/urienanbe.com\\\/\",\"name\":\"Urien-Anbe S.Z\",\"description\":\"\",\"publisher\":{\"@id\":\"https:\\\/\\\/urienanbe.com\\\/#organization\"},\"potentialAction\":[{\"@type\":\"SearchAction\",\"target\":{\"@type\":\"EntryPoint\",\"urlTemplate\":\"https:\\\/\\\/urienanbe.com\\\/?s={search_term_string}\"},\"query-input\":{\"@type\":\"PropertyValueSpecification\",\"valueRequired\":true,\"valueName\":\"search_term_string\"}}],\"inLanguage\":\"es\"},{\"@type\":\"Organization\",\"@id\":\"https:\\\/\\\/urienanbe.com\\\/#organization\",\"name\":\"Urien-Anbe S.Z\",\"url\":\"https:\\\/\\\/urienanbe.com\\\/\",\"logo\":{\"@type\":\"ImageObject\",\"inLanguage\":\"es\",\"@id\":\"https:\\\/\\\/urienanbe.com\\\/#\\\/schema\\\/logo\\\/image\\\/\",\"url\":\"https:\\\/\\\/urienanbe.com\\\/wp-content\\\/uploads\\\/2026\\\/01\\\/cropped-1-URIEN-ANBE.png\",\"contentUrl\":\"https:\\\/\\\/urienanbe.com\\\/wp-content\\\/uploads\\\/2026\\\/01\\\/cropped-1-URIEN-ANBE.png\",\"width\":1418,\"height\":946,\"caption\":\"Urien-Anbe S.Z\"},\"image\":{\"@id\":\"https:\\\/\\\/urienanbe.com\\\/#\\\/schema\\\/logo\\\/image\\\/\"}}]}<\/script>\n<!-- \/ Yoast SEO plugin. -->","yoast_head_json":{"title":"Hasiera - Urien-Anbe S.Z","robots":{"index":"index","follow":"follow","max-snippet":"max-snippet:-1","max-image-preview":"max-image-preview:large","max-video-preview":"max-video-preview:-1"},"canonical":"https:\/\/urienanbe.com\/es\/","og_locale":"es_ES","og_type":"article","og_title":"Hasiera - Urien-Anbe S.Z","og_description":"URIEN Aitorrek txikitatik argi izan zuen artzaintzan aritu nahi zuela, eta hainbat ikasketa egin ondoren, 2012an URIEN gaztandegia sortu zuen. 2020an Izarne batu zen proiektura, eta ordutik abere kopurua handitu eta gazta mota ezberdinak egiten dituzte. Gaur egun 350 ardi (Gorbeiako Latxa buru beltza) eta 20 behi inguru dituzte. Urtarriletik ekainera Idiazabal eta gazta urdina [&hellip;]","og_url":"https:\/\/urienanbe.com\/es\/","og_site_name":"Urien-Anbe S.Z","article_modified_time":"2026-01-30T12:55:13+00:00","twitter_card":"summary_large_image","twitter_misc":{"Tiempo de lectura":"1 minuto"},"schema":{"@context":"https:\/\/schema.org","@graph":[{"@type":"WebPage","@id":"https:\/\/urienanbe.com\/","url":"https:\/\/urienanbe.com\/","name":"Hasiera - Urien-Anbe S.Z","isPartOf":{"@id":"https:\/\/urienanbe.com\/#website"},"datePublished":"2026-01-23T08:11:57+00:00","dateModified":"2026-01-30T12:55:13+00:00","breadcrumb":{"@id":"https:\/\/urienanbe.com\/#breadcrumb"},"inLanguage":"es","potentialAction":[{"@type":"ReadAction","target":["https:\/\/urienanbe.com\/"]}]},{"@type":"BreadcrumbList","@id":"https:\/\/urienanbe.com\/#breadcrumb","itemListElement":[{"@type":"ListItem","position":1,"name":"Portada","item":"https:\/\/urienanbe.com\/"},{"@type":"ListItem","position":2,"name":"Hasiera"}]},{"@type":"WebSite","@id":"https:\/\/urienanbe.com\/#website","url":"https:\/\/urienanbe.com\/","name":"Urien-Anbe S.Z","description":"","publisher":{"@id":"https:\/\/urienanbe.com\/#organization"},"potentialAction":[{"@type":"SearchAction","target":{"@type":"EntryPoint","urlTemplate":"https:\/\/urienanbe.com\/?s={search_term_string}"},"query-input":{"@type":"PropertyValueSpecification","valueRequired":true,"valueName":"search_term_string"}}],"inLanguage":"es"},{"@type":"Organization","@id":"https:\/\/urienanbe.com\/#organization","name":"Urien-Anbe S.Z","url":"https:\/\/urienanbe.com\/","logo":{"@type":"ImageObject","inLanguage":"es","@id":"https:\/\/urienanbe.com\/#\/schema\/logo\/image\/","url":"https:\/\/urienanbe.com\/wp-content\/uploads\/2026\/01\/cropped-1-URIEN-ANBE.png","contentUrl":"https:\/\/urienanbe.com\/wp-content\/uploads\/2026\/01\/cropped-1-URIEN-ANBE.png","width":1418,"height":946,"caption":"Urien-Anbe S.Z"},"image":{"@id":"https:\/\/urienanbe.com\/#\/schema\/logo\/image\/"}}]}},"_links":{"self":[{"href":"https:\/\/urienanbe.com\/es\/wp-json\/wp\/v2\/pages\/2","targetHints":{"allow":["GET"]}}],"collection":[{"href":"https:\/\/urienanbe.com\/es\/wp-json\/wp\/v2\/pages"}],"about":[{"href":"https:\/\/urienanbe.com\/es\/wp-json\/wp\/v2\/types\/page"}],"author":[{"embeddable":true,"href":"https:\/\/urienanbe.com\/es\/wp-json\/wp\/v2\/users\/1"}],"replies":[{"embeddable":true,"href":"https:\/\/urienanbe.com\/es\/wp-json\/wp\/v2\/comments?post=2"}],"version-history":[{"count":182,"href":"https:\/\/urienanbe.com\/es\/wp-json\/wp\/v2\/pages\/2\/revisions"}],"predecessor-version":[{"id":416,"href":"https:\/\/urienanbe.com\/es\/wp-json\/wp\/v2\/pages\/2\/revisions\/416"}],"wp:attachment":[{"href":"https:\/\/urienanbe.com\/es\/wp-json\/wp\/v2\/media?parent=2"}],"curies":[{"name":"wp","href":"https:\/\/api.w.org\/{rel}","templated":true}]}}